{"id":78369,"date":"2026-02-02T12:33:18","date_gmt":"2026-02-02T12:33:18","guid":{"rendered":"https:\/\/endureedstag.wpenginepowered.com\/?page_id=78369"},"modified":"2026-04-08T18:37:52","modified_gmt":"2026-04-08T18:37:52","slug":"privacy-policy","status":"publish","type":"page","link":"https:\/\/endureed.com\/es\/privacy-policy\/","title":{"rendered":"pol\u00edtica de privacidad"},"content":{"rendered":"<div data-elementor-type=\"wp-page\" data-elementor-id=\"78369\" class=\"elementor elementor-78369\" data-elementor-post-type=\"page\">\n\t\t\t\t<div class=\"elementor-element elementor-element-c72b277 cs-page-title e-flex e-con-boxed e-con e-parent\" data-id=\"c72b277\" data-element_type=\"container\" data-e-type=\"container\" data-settings=\"{&quot;background_background&quot;:&quot;classic&quot;}\">\n\t\t\t\t\t<div class=\"e-con-inner\">\n\t\t\t\t<div class=\"elementor-element elementor-element-b687adc elementor-widget elementor-widget-litho-heading\" data-id=\"b687adc\" data-element_type=\"widget\" data-e-type=\"widget\" data-widget_type=\"litho-heading.default\">\n\t\t\t\t<div class=\"elementor-widget-container\">\n\t\t\t\t\t<h2 class=\"litho-heading elementor-size-default\"><span class=\"litho-primary-title\">pol\u00edtica de privacidad<\/span><\/h2>\t\t\t\t<\/div>\n\t\t\t\t<\/div>\n\t\t\t\t\t<\/div>\n\t\t\t\t<\/div>\n\t\t<div class=\"elementor-element elementor-element-63589a4 e-flex e-con-boxed e-con e-parent\" data-id=\"63589a4\" data-element_type=\"container\" data-e-type=\"container\">\n\t\t\t\t\t<div class=\"e-con-inner\">\n\t\t\t\t<div class=\"elementor-element elementor-element-abda6de elementor-widget elementor-widget-text-editor\" data-id=\"abda6de\" data-element_type=\"widget\" data-e-type=\"widget\" data-widget_type=\"text-editor.default\">\n\t\t\t\t<div class=\"elementor-widget-container\">\n\t\t\t\t\t\t\t\t\t<h2 class=\"fusion-responsive-typography-calculated\" data-fontsize=\"44\" data-lineheight=\"57.2px\">NUESTRO COMPROMISO CON SU PRIVACIDAD<\/h2><p>Proteger su informaci\u00f3n privada es nuestra prioridad. Esta Declaraci\u00f3n de Privacidad se aplica a https:\/\/endureed.com y a Endureed \/ Global Innovation Brands, Inc. y rige la recopilaci\u00f3n y el uso de datos. A efectos de esta Pol\u00edtica de Privacidad, salvo que se indique lo contrario, todas las referencias a Endureed \/ Global Innovation Brands, Inc. incluyen https:\/\/endureed.com\/ y Endureed \/ Global Innovation Brands, Inc. El sitio web de Endureed \/ Global Innovation Brands, Inc. es un sitio informativo. Al utilizar el sitio web de Endureed \/ Global Innovation Brands, Inc., usted acepta las pr\u00e1cticas de datos descritas en esta declaraci\u00f3n.<\/p><h2 class=\"nitro-offscreen fusion-responsive-typography-calculated\" data-fontsize=\"44\" data-lineheight=\"57.2px\">RECOPILACI\u00d3N DE SU INFORMACI\u00d3N PERSONAL<\/h2><p class=\"nitro-offscreen\">Para brindarle mejor los productos y servicios ofrecidos en nuestro Sitio, Endureed \/ Global Innovation Brands, Inc. puede recopilar informaci\u00f3n de identificaci\u00f3n personal, como su:<\/p><ul class=\"nitro-offscreen\"><li>Nombre y apellido<\/li><li>Direcci\u00f3n de envio<\/li><li>Direcci\u00f3n de correo electr\u00f3nico<\/li><li>N\u00famero de tel\u00e9fono<\/li><\/ul><p class=\"nitro-offscreen\">No recopilamos informaci\u00f3n personal sobre usted a menos que nos la proporcione voluntariamente. Sin embargo, es posible que se le solicite cierta informaci\u00f3n personal cuando elija utilizar ciertos productos o servicios disponibles en el Sitio. Estos pueden incluir: (a) registrarse para obtener una cuenta en nuestro Sitio; (b) participar en un sorteo o concurso patrocinado por nosotros o uno de nuestros socios; (c) suscribirse a ofertas especiales de terceros seleccionados; (d) enviarnos un mensaje de correo electr\u00f3nico; (e) enviar su tarjeta de cr\u00e9dito u otra informaci\u00f3n de pago al solicitar o comprar productos y servicios en nuestro Sitio. Es decir, utilizaremos su informaci\u00f3n para, entre otros, comunicarnos con usted en relaci\u00f3n con los servicios y\/o productos que nos haya solicitado. Tambi\u00e9n podemos recopilar informaci\u00f3n personal o no personal adicional en el futuro.<\/p><h2 class=\"nitro-offscreen fusion-responsive-typography-calculated\" data-fontsize=\"44\" data-lineheight=\"57.2px\">USO DE SU INFORMACI\u00d3N PERSONAL<\/h2><p class=\"nitro-offscreen\">Endureed \/ Global Innovation Brands, Inc. recopila y utiliza su informaci\u00f3n personal para operar sus sitios web y brindar los servicios que ha solicitado.<\/p><p class=\"nitro-offscreen\">Endureed \/ Global Innovation Brands, Inc. tambi\u00e9n puede utilizar su informaci\u00f3n de identificaci\u00f3n personal para informarle sobre otros productos o servicios disponibles de Endureed \/ Global Innovation Brands, Inc. y sus afiliados.<\/p><h2 class=\"nitro-offscreen fusion-responsive-typography-calculated\" data-fontsize=\"44\" data-lineheight=\"57.2px\">COMPARTIR INFORMACI\u00d3N CON TERCEROS<\/h2><p class=\"nitro-offscreen\">Endureed \/ Global Innovation Brands, Inc. no vende, alquila ni arrienda sus listas de clientes a terceros.<\/p><p class=\"nitro-offscreen\">Endureed \/ Global Innovation Brands, Inc. puede compartir datos con socios de confianza para realizar an\u00e1lisis estad\u00edsticos, enviarle correos electr\u00f3nicos o correo postal, brindar atenci\u00f3n al cliente o gestionar entregas. Estos terceros tienen prohibido utilizar su informaci\u00f3n personal, salvo para prestar estos servicios a Endureed \/ Global Innovation Brands, Inc., y est\u00e1n obligados a mantener la confidencialidad de su informaci\u00f3n.<\/p><p class=\"nitro-offscreen\">Endureed \/ Global Innovation Brands, Inc. puede divulgar su informaci\u00f3n personal, sin previo aviso, si as\u00ed lo exige la ley o cree de buena fe que dicha acci\u00f3n es necesaria para: (a) cumplir con los edictos de la ley o cumplir con el proceso legal entregado a Endureed \/ Global Innovation Brands, Inc. o el sitio; (b) proteger y defender los derechos o la propiedad de Endureed \/ Global Innovation Brands, Inc.; y\/o (c) actuar en circunstancias exigentes para proteger la seguridad personal de los usuarios de Endureed \/ Global Innovation Brands, Inc. o del p\u00fablico.<\/p><h2 class=\"nitro-offscreen fusion-responsive-typography-calculated\" data-fontsize=\"44\" data-lineheight=\"57.2px\">SEGUIMIENTO DEL COMPORTAMIENTO DEL USUARIO<\/h2><p class=\"nitro-offscreen\">Endureed \/ Global Innovation Brands, Inc. puede registrar los sitios web y las p\u00e1ginas que visitan nuestros usuarios para determinar qu\u00e9 servicios son los m\u00e1s populares. Estos datos se utilizan para ofrecer contenido y publicidad personalizados dentro de Endureed \/ Global Innovation Brands, Inc. a los clientes cuyo comportamiento indica inter\u00e9s en un \u00e1rea tem\u00e1tica espec\u00edfica.<\/p><h2 class=\"nitro-offscreen fusion-responsive-typography-calculated\" data-fontsize=\"44\" data-lineheight=\"57.2px\">INTERACCIONES DEL SITIO WEB<\/h2><h3 class=\"nitro-offscreen fusion-responsive-typography-calculated\" data-fontsize=\"38\" data-lineheight=\"53.2px\">INFORMACI\u00d3N RECOPILADA AUTOM\u00c1TICAMENTE<\/h3><p class=\"nitro-offscreen\">Endureed \/ Global Innovation Brands, Inc. puede recopilar autom\u00e1ticamente informaci\u00f3n sobre el hardware y el software de su ordenador. Esta informaci\u00f3n puede incluir: su direcci\u00f3n IP, tipo de navegador, nombres de dominio, tiempos de acceso y direcciones de sitios web de referencia. Esta informaci\u00f3n se utiliza para el funcionamiento del servicio, para mantener la calidad del mismo y para proporcionar estad\u00edsticas generales sobre el uso del sitio web de Endureed \/ Global Innovation Brands, Inc.<\/p><h3 class=\"nitro-offscreen fusion-responsive-typography-calculated\" data-fontsize=\"38\" data-lineheight=\"53.2px\">USO DE COOKIES<\/h3><p class=\"nitro-offscreen\">El sitio web de Endureed \/ Global Innovation Brands, Inc. puede utilizar cookies para ayudarle a personalizar su experiencia en l\u00ednea. Una cookie es un archivo de texto que un servidor web almacena en su disco duro. Las cookies no pueden utilizarse para ejecutar programas ni infectar su ordenador con virus. Las cookies se le asignan de forma exclusiva y solo pueden ser le\u00eddas por un servidor web del dominio que las emiti\u00f3.<\/p><p class=\"nitro-offscreen\">Uno de los principales prop\u00f3sitos de las cookies es ofrecer una funci\u00f3n pr\u00e1ctica que le ahorra tiempo. Su prop\u00f3sito es informar al servidor web que ha regresado a una p\u00e1gina espec\u00edfica. Por ejemplo, si personaliza las p\u00e1ginas de Endureed \/ Global Innovation Brands, Inc. o se registra en el sitio o los servicios de Endureed \/ Global Innovation Brands, Inc., una cookie ayuda a Endureed \/ Global Innovation Brands, Inc. a recordar su informaci\u00f3n espec\u00edfica en visitas posteriores. Esto simplifica el proceso de registrar su informaci\u00f3n personal, como direcciones de facturaci\u00f3n, direcciones de env\u00edo, etc. Cuando regrese al mismo sitio web de Endureed \/ Global Innovation Brands, Inc., se podr\u00e1 recuperar la informaci\u00f3n que proporcion\u00f3 anteriormente, para que pueda usar f\u00e1cilmente las funciones de Endureed \/ Global Innovation Brands, Inc. que haya personalizado.<\/p><p class=\"nitro-offscreen\">Tiene la opci\u00f3n de aceptar o rechazar las cookies. La mayor\u00eda de los navegadores web las aceptan autom\u00e1ticamente, pero normalmente puede modificar la configuraci\u00f3n de su navegador para rechazarlas si lo prefiere. Si decide rechazar las cookies, es posible que no pueda disfrutar plenamente de las funciones interactivas de los servicios o sitios web de Endureed \/ Global Innovation Brands, Inc. que visite.<\/p><h3 class=\"nitro-offscreen fusion-responsive-typography-calculated\" data-fontsize=\"38\" data-lineheight=\"53.2px\">CAMPO DE GOLF<\/h3><p class=\"nitro-offscreen\">Este sitio web contiene enlaces a otros sitios. Tenga en cuenta que no nos responsabilizamos del contenido ni de las pr\u00e1cticas de privacidad de dichos sitios. Recomendamos a nuestros usuarios que tengan cuidado al salir de nuestro sitio y que lean las pol\u00edticas de privacidad de cualquier otro sitio que recopile informaci\u00f3n personal identificable.<\/p><h3 class=\"nitro-offscreen fusion-responsive-typography-calculated\" data-fontsize=\"38\" data-lineheight=\"53.2px\">SEGURIDAD DE SU INFORMACI\u00d3N PERSONAL<\/h3><p class=\"nitro-offscreen\">Endureed \/ Global Innovation Brands, Inc. protege su informaci\u00f3n personal contra el acceso, uso o divulgaci\u00f3n no autorizados. Endureed \/ Global Innovation Brands, Inc. utiliza los siguientes m\u00e9todos para este fin:<\/p><p class=\"nitro-offscreen\">\u2013 Protocolo SSL<\/p><p class=\"nitro-offscreen\">Cuando se transmite informaci\u00f3n personal (como un n\u00famero de tarjeta de cr\u00e9dito) a otros sitios web, se protege mediante el uso de cifrado, como el protocolo Secure Sockets Layer (SSL).<\/p><p class=\"nitro-offscreen\">Nos esforzamos por tomar las medidas de seguridad adecuadas para proteger su informaci\u00f3n personal contra el acceso no autorizado o la alteraci\u00f3n de la misma. Lamentablemente, no se puede garantizar la seguridad de ninguna transmisi\u00f3n de datos a trav\u00e9s de Internet ni de ninguna red inal\u00e1mbrica. Por lo tanto, si bien nos esforzamos por proteger su informaci\u00f3n personal, usted reconoce que: (a) existen limitaciones de seguridad y privacidad inherentes a Internet que escapan a nuestro control; y (b) no se puede garantizar la seguridad, integridad y privacidad de toda la informaci\u00f3n y los datos intercambiados entre usted y nosotros a trav\u00e9s de este Sitio.<\/p><h3 class=\"nitro-offscreen fusion-responsive-typography-calculated\" data-fontsize=\"38\" data-lineheight=\"53.2px\">NI\u00d1OS MENORES DE TRECE A\u00d1OS<\/h3><p class=\"nitro-offscreen\">Endureed \/ Global Innovation Brands, Inc. no recopila deliberadamente informaci\u00f3n personal identificable de ni\u00f1os menores de trece a\u00f1os. Si eres menor de trece a\u00f1os, debes pedir permiso a tus padres o tutores para usar este sitio web.<\/p><h3 class=\"nitro-offscreen fusion-responsive-typography-calculated\" data-fontsize=\"38\" data-lineheight=\"53.2px\">COMUNICACIONES POR CORREO ELECTR\u00d3NICO<\/h3><p class=\"nitro-offscreen\">Ocasionalmente, Endureed \/ Global Innovation Brands, Inc. podr\u00eda contactarle por correo electr\u00f3nico para enviarle anuncios, ofertas promocionales, alertas, confirmaciones, encuestas y\/u otras comunicaciones generales. Para mejorar nuestros Servicios, podr\u00edamos recibir una notificaci\u00f3n cuando abra un correo electr\u00f3nico de Endureed \/ Global Innovation Brands, Inc. o haga clic en un enlace incluido en \u00e9l.<\/p><p class=\"nitro-offscreen\">Si desea dejar de recibir comunicaciones de marketing o promocionales por correo electr\u00f3nico de Endureed \/ Global Innovation Brands, Inc., puede optar por no recibir dichas comunicaciones haciendo clic en el bot\u00f3n CANCELAR SUSCRIPCI\u00d3N.<\/p><h3 class=\"nitro-offscreen fusion-responsive-typography-calculated\" data-fontsize=\"38\" data-lineheight=\"53.2px\">SITIOS DE ALMACENAMIENTO DE DATOS EXTERNOS<\/h3><p class=\"nitro-offscreen\">Podemos almacenar sus datos en servidores proporcionados por proveedores de alojamiento externos con los que hemos contratado.<\/p><h3 class=\"nitro-offscreen fusion-responsive-typography-calculated\" data-fontsize=\"38\" data-lineheight=\"53.2px\">CAMBIOS A ESTA DECLARACI\u00d3N<\/h3><p class=\"nitro-offscreen\">Endureed \/ Global Innovation Brands, Inc. se reserva el derecho de modificar esta Pol\u00edtica de Privacidad ocasionalmente. Le notificaremos sobre cualquier cambio significativo en el tratamiento de su informaci\u00f3n personal mediante un aviso a la direcci\u00f3n de correo electr\u00f3nico principal especificada en su cuenta, un aviso destacado en nuestro sitio web o la actualizaci\u00f3n de la informaci\u00f3n de privacidad en esta p\u00e1gina. Su uso continuado del Sitio web o de los Servicios disponibles a trav\u00e9s de este despu\u00e9s de dichas modificaciones constituir\u00e1: (a) su aceptaci\u00f3n de la Pol\u00edtica de Privacidad modificada; y (b) su aceptaci\u00f3n de cumplir y estar sujeto a dicha Pol\u00edtica.<\/p><h3 class=\"nitro-offscreen fusion-responsive-typography-calculated\" data-fontsize=\"38\" data-lineheight=\"53.2px\">INFORMACI\u00d3N DEL CONTACTO<\/h3><p class=\"nitro-offscreen\">Endureed \/ Global Innovation Brands, Inc. agradece sus preguntas o comentarios sobre esta Declaraci\u00f3n de Privacidad. Si considera que Endureed \/ Global Innovation Brands, Inc. no ha cumplido con esta Declaraci\u00f3n, p\u00f3ngase en contacto con Endureed \/ Global Innovation Brands, Inc. en:<\/p><p class=\"nitro-offscreen\">Resistente \/ Global Innovation Brands, Inc.<br \/>313 SW WINDSWEPT GLEN<br \/>LAKE CITY, FL 32024<\/p><p class=\"nitro-offscreen\">Direcci\u00f3n de correo electr\u00f3nico:<br \/>info@endureed.com<\/p><p class=\"nitro-offscreen\">N\u00famero telef\u00f3nico:<br \/>1-866-891-1509<\/p><p class=\"nitro-offscreen\">Vigente a partir del 1\/2\/2019<\/p>\t\t\t\t\t\t\t\t<\/div>\n\t\t\t\t<\/div>\n\t\t\t\t\t<\/div>\n\t\t\t\t<\/div>\n\t\t\t\t<\/div>","protected":false},"excerpt":{"rendered":"<p>Privacy Policy OUR COMMITMENT TO YOUR PRIVACY Protecting your private information is our priority. This Statement of Privacy applies to https:\/\/endureed.com and Endureed \/ Global Innovation Brands, Inc. and governs data collection and usage. For the purposes of this Privacy Policy, unless otherwise noted, all references to Endureed \/ Global Innovation Brands, Inc. include https:\/\/endureed.com\/ [&hellip;]<\/p>","protected":false},"author":2,"featured_media":0,"parent":0,"menu_order":0,"comment_status":"closed","ping_status":"closed","template":"","meta":{"_acf_changed":false,"_metasync_otto_title":"","_metasync_otto_description":"","_metasync_otto_keywords":"","_metasync_otto_og_title":"","_metasync_otto_og_description":"","_metasync_otto_twitter_title":"","_metasync_otto_twitter_description":"","rank_math_title":"","rank_math_description":"","_yoast_wpseo_title":"","_yoast_wpseo_metadesc":"","_aioseo_title":"","_aioseo_description":"","footnotes":""},"class_list":["post-78369","page","type-page","status-publish","hentry"],"acf":[],"_links":{"self":[{"href":"https:\/\/endureed.com\/es\/wp-json\/wp\/v2\/pages\/78369","targetHints":{"allow":["GET"]}}],"collection":[{"href":"https:\/\/endureed.com\/es\/wp-json\/wp\/v2\/pages"}],"about":[{"href":"https:\/\/endureed.com\/es\/wp-json\/wp\/v2\/types\/page"}],"author":[{"embeddable":true,"href":"https:\/\/endureed.com\/es\/wp-json\/wp\/v2\/users\/2"}],"replies":[{"embeddable":true,"href":"https:\/\/endureed.com\/es\/wp-json\/wp\/v2\/comments?post=78369"}],"version-history":[{"count":0,"href":"https:\/\/endureed.com\/es\/wp-json\/wp\/v2\/pages\/78369\/revisions"}],"wp:attachment":[{"href":"https:\/\/endureed.com\/es\/wp-json\/wp\/v2\/media?parent=78369"}],"curies":[{"name":"wp","href":"https:\/\/api.w.org\/{rel}","templated":true}]}}