{"id":77166,"date":"2026-01-28T08:04:16","date_gmt":"2026-01-28T08:04:16","guid":{"rendered":"https:\/\/endureedstag.wpenginepowered.com\/?page_id=77166"},"modified":"2026-04-08T18:37:53","modified_gmt":"2026-04-08T18:37:53","slug":"faq","status":"publish","type":"page","link":"https:\/\/endureed.com\/es\/resources\/faq\/","title":{"rendered":"Preguntas frecuentes"},"content":{"rendered":"<div data-elementor-type=\"wp-page\" data-elementor-id=\"77166\" class=\"elementor elementor-77166\" data-elementor-post-type=\"page\">\n\t\t\t\t<div class=\"elementor-element elementor-element-39cbb36 cs-page-title e-flex e-con-boxed e-con e-parent\" data-id=\"39cbb36\" data-element_type=\"container\" data-e-type=\"container\" data-settings=\"{&quot;background_background&quot;:&quot;classic&quot;}\">\n\t\t\t\t\t<div class=\"e-con-inner\">\n\t\t\t\t<div class=\"elementor-element elementor-element-3cf75d8 elementor-widget elementor-widget-litho-heading\" data-id=\"3cf75d8\" data-element_type=\"widget\" data-e-type=\"widget\" data-widget_type=\"litho-heading.default\">\n\t\t\t\t<div class=\"elementor-widget-container\">\n\t\t\t\t\t<h2 class=\"litho-heading elementor-size-default\"><span class=\"litho-primary-title\">Preguntas frecuentes<\/span><\/h2>\t\t\t\t<\/div>\n\t\t\t\t<\/div>\n\t\t\t\t\t<\/div>\n\t\t\t\t<\/div>\n\t\t<div class=\"elementor-element elementor-element-9a978bf e-flex e-con-boxed e-con e-child\" data-id=\"9a978bf\" data-element_type=\"container\" data-e-type=\"container\">\n\t\t\t\t\t<div class=\"e-con-inner\">\n\t\t<div class=\"elementor-element elementor-element-4e27f0a e-con-full e-flex e-con e-child\" data-id=\"4e27f0a\" data-element_type=\"container\" data-e-type=\"container\">\n\t\t\t\t<div class=\"elementor-element elementor-element-7217d38 elementor-widget__width-initial elementor-widget elementor-widget-litho-heading\" data-id=\"7217d38\" data-element_type=\"widget\" data-e-type=\"widget\" data-widget_type=\"litho-heading.default\">\n\t\t\t\t<div class=\"elementor-widget-container\">\n\t\t\t\t\t<h2 class=\"litho-heading elementor-size-default\"><span class=\"litho-primary-title\">Preguntas frecuentes<\/span><\/h2>\t\t\t\t<\/div>\n\t\t\t\t<\/div>\n\t\t<div class=\"elementor-element elementor-element-3da540f e-con-full e-flex e-con e-child\" data-id=\"3da540f\" data-element_type=\"container\" data-e-type=\"container\">\n\t\t\t\t<div class=\"elementor-element elementor-element-6641512 elementor-widget__width-initial elementor-widget-tablet__width-inherit elementor-widget elementor-widget-text-editor\" data-id=\"6641512\" data-element_type=\"widget\" data-e-type=\"widget\" data-widget_type=\"text-editor.default\">\n\t\t\t\t<div class=\"elementor-widget-container\">\n\t\t\t\t\t\t\t\t\t<p>Si est\u00e1 considerando instalar un techo de paja sint\u00e9tica, las preguntas son parte del proceso. Esta p\u00e1gina aborda temas comunes sobre rendimiento, seguridad, instalaci\u00f3n y uso a largo plazo, a la vez que ayuda a comprender c\u00f3mo funcionan los sistemas de techo de paja sint\u00e9tica.<\/p><p>Si no encuentra la respuesta a su pregunta aqu\u00ed, estamos a solo una llamada o un correo electr\u00f3nico de distancia. Visite nuestra p\u00e1gina de contacto para iniciar una conversaci\u00f3n.<\/p>\t\t\t\t\t\t\t\t<\/div>\n\t\t\t\t<\/div>\n\t\t\t\t<div class=\"elementor-element elementor-element-4662e9a elementor-widget__width-initial elementor-align-left elementor-widget elementor-widget-litho-button\" data-id=\"4662e9a\" data-element_type=\"widget\" data-e-type=\"widget\" data-widget_type=\"litho-button.default\">\n\t\t\t\t<div class=\"elementor-widget-container\">\n\t\t\t\t\t\t\t\t\t<div class=\"elementor-button-wrapper litho-button-wrapper\">\n\t\t\t\t\t<a class=\"elementor-button-link elementor-button elementor-size-lg\" href=\"https:\/\/endureed.com\/es\/contact\/\" role=\"button\">\n\t\t\t\t\t\t\t\t\t<span class=\"elementor-button-content-wrapper\">\n\t\t\t\t\t\t\t\t<span class=\"elementor-button-icon elementor-align-icon-right\">\n\t\t\t\t\t<i aria-hidden=\"true\" class=\"solid-icon-Right\"><\/i>\t\t\t\t<\/span>\n\t\t\t\t\t\t\t\t\t\t\t\t\t<span class=\"elementor-button-text\">Iniciar una conversaci\u00f3n<\/span>\n\t\t\t\t\t\t\t<\/span>\n\t\t\t\t\t\t\t\t\t<span class=\"screen-reader-text\">Bot\u00f3n<\/span>\n\t\t\t\t\t<\/a>\n\t\t\t\t<\/div>\n\t\t\t\t\t\t\t<\/div>\n\t\t\t\t<\/div>\n\t\t\t\t<\/div>\n\t\t\t\t<\/div>\n\t\t<div class=\"elementor-element elementor-element-ad362e7 e-con-full e-flex e-con e-child\" data-id=\"ad362e7\" data-element_type=\"container\" data-e-type=\"container\">\n\t\t\t\t<div class=\"elementor-element elementor-element-707652d elementor-widget elementor-widget-litho-accordion\" data-id=\"707652d\" data-element_type=\"widget\" data-e-type=\"widget\" data-settings=\"{&quot;litho_accordion_style&quot;:&quot;accordion-style-1&quot;}\" data-widget_type=\"litho-accordion.default\">\n\t\t\t\t<div class=\"elementor-widget-container\">\n\t\t\t\t\t\t\t\t<div class=\"elementor-accordion accordion-style-1\" role=\"tablist\">\n\t\t\t\t\t\t\t\t\t\t\t<div class=\"elementor-accordion-item\">\n\t\t\t\t\t\t\t\t<div id=\"elementor-accordion-title-1179251651\" class=\"elementor-tab-title\" data-tab=\"1\" role=\"tab\" aria-controls=\"elementor-accordion-content-1179251651\" aria-expanded=\"false\">\t\t\t\t\t\t\t\t\t\t\t\t\t\t\t\t\t\t\t<span class=\"elementor-accordion-icon elementor-accordion-icon-right\" aria-hidden=\"true\">\t\t\t\t\t\t\t\t\t\t\t<span class=\"elementor-accordion-icon-closed\"><svg xmlns=\"http:\/\/www.w3.org\/2000\/svg\" width=\"22\" height=\"9\" viewbox=\"0 0 22 9\" fill=\"none\"><path d=\"M0.5 0.865234L11 6.92773L21.5006 0.865234\" stroke=\"#876D36\" stroke-width=\"2\"><\/path><\/svg><\/span>\n\t\t\t\t\t\t\t\t\t\t\t\t\t\t\t\t\t\t\t\t\t\t<span class=\"elementor-accordion-icon-opened\"><svg xmlns=\"http:\/\/www.w3.org\/2000\/svg\" width=\"22\" height=\"9\" viewbox=\"0 0 22 9\" fill=\"none\"><path d=\"M0.5 0.865234L11 6.92773L21.5006 0.865234\" stroke=\"#FBFAF5\" stroke-width=\"2\"><\/path><\/svg><\/span>\n\t\t\t\t\t\t\t\t\t\t\t\t\t\t\t\t\t\t\t\t\t<\/span>\n\t\t\t\t\t\t\t\t\t\t\t\t\t\t\t\t\t\t\t\t<a href=\"#\">\u00bfC\u00f3mo se instalan los productos Endureed Thatch?<\/a>\n\t\t\t\t\t\t\t\t\t\t\t\t\t\t\t\t\t\t<\/div>\n\t\t\t\t\t\t\t\t\t\t\t\t\t\t\t\t\t<div id=\"elementor-accordion-content-1179251651\" class=\"elementor-tab-content elementor-clearfix\" data-tab=\"1\" role=\"tabpanel\" aria-labelledby=\"elementor-accordion-title-1179251651\">\n\t\t\t\t\t\t\t\t\t\t<div class=\"panel-tab-content\"><p>Los productos Endureed son f\u00e1ciles de instalar y son similares a la instalaci\u00f3n de un techo de tejas asf\u00e1lticas. La mayor\u00eda de los contratistas de techos y aficionados al bricolaje pueden instalar cualquier sistema de tejas Endureed. Si le interesa contratar a un contratista de techos profesional, por favor...\u00a0<a href=\"https:\/\/endureed.com\/es\/contact\/\" target=\"_blank\" rel=\"noopener\">Cont\u00e1ctanos<\/a>\u00a0Para conocer nuestra lista de instaladores aprobados, consulte nuestros productos de paja para obtener m\u00e1s informaci\u00f3n.<\/p><\/div>\n\t\t\t\t\t\t\t\t\t<\/div>\n\t\t\t\t\t\t\t\t\t\t\t\t\t\t\t\t<\/div>\n\t\t\t\t\t\t\t\t\t\t\t\t\t\t<div class=\"elementor-accordion-item\">\n\t\t\t\t\t\t\t\t<div id=\"elementor-accordion-title-1179251652\" class=\"elementor-tab-title\" data-tab=\"2\" role=\"tab\" aria-controls=\"elementor-accordion-content-1179251652\" aria-expanded=\"false\">\t\t\t\t\t\t\t\t\t\t\t\t\t\t\t\t\t\t\t<span class=\"elementor-accordion-icon elementor-accordion-icon-right\" aria-hidden=\"true\">\t\t\t\t\t\t\t\t\t\t\t<span class=\"elementor-accordion-icon-closed\"><svg xmlns=\"http:\/\/www.w3.org\/2000\/svg\" width=\"22\" height=\"9\" viewbox=\"0 0 22 9\" fill=\"none\"><path d=\"M0.5 0.865234L11 6.92773L21.5006 0.865234\" stroke=\"#876D36\" stroke-width=\"2\"><\/path><\/svg><\/span>\n\t\t\t\t\t\t\t\t\t\t\t\t\t\t\t\t\t\t\t\t\t\t<span class=\"elementor-accordion-icon-opened\"><svg xmlns=\"http:\/\/www.w3.org\/2000\/svg\" width=\"22\" height=\"9\" viewbox=\"0 0 22 9\" fill=\"none\"><path d=\"M0.5 0.865234L11 6.92773L21.5006 0.865234\" stroke=\"#FBFAF5\" stroke-width=\"2\"><\/path><\/svg><\/span>\n\t\t\t\t\t\t\t\t\t\t\t\t\t\t\t\t\t\t\t\t\t<\/span>\n\t\t\t\t\t\t\t\t\t\t\t\t\t\t\t\t\t\t\t\t<a href=\"#\">\u00bfSe puede utilizar Endureed en todo tipo de clima?<\/a>\n\t\t\t\t\t\t\t\t\t\t\t\t\t\t\t\t\t\t<\/div>\n\t\t\t\t\t\t\t\t\t\t\t\t\t\t\t\t\t<div id=\"elementor-accordion-content-1179251652\" class=\"elementor-tab-content elementor-clearfix\" data-tab=\"2\" role=\"tabpanel\" aria-labelledby=\"elementor-accordion-title-1179251652\">\n\t\t\t\t\t\t\t\t\t\t<div class=\"panel-tab-content\"><p>Yes. Many customers have used Endureed in heavy snow areas as well as tropical areas.\u00a0 Endureed is proud to hold a Class A fire rating and wind testing ratings for up to 200 MPH for our Performance and Premium product collections.<\/p><\/div>\n\t\t\t\t\t\t\t\t\t<\/div>\n\t\t\t\t\t\t\t\t\t\t\t\t\t\t\t\t<\/div>\n\t\t\t\t\t\t\t\t\t\t\t\t\t\t<div class=\"elementor-accordion-item\">\n\t\t\t\t\t\t\t\t<div id=\"elementor-accordion-title-1179251653\" class=\"elementor-tab-title\" data-tab=\"3\" role=\"tab\" aria-controls=\"elementor-accordion-content-1179251653\" aria-expanded=\"false\">\t\t\t\t\t\t\t\t\t\t\t\t\t\t\t\t\t\t\t<span class=\"elementor-accordion-icon elementor-accordion-icon-right\" aria-hidden=\"true\">\t\t\t\t\t\t\t\t\t\t\t<span class=\"elementor-accordion-icon-closed\"><svg xmlns=\"http:\/\/www.w3.org\/2000\/svg\" width=\"22\" height=\"9\" viewbox=\"0 0 22 9\" fill=\"none\"><path d=\"M0.5 0.865234L11 6.92773L21.5006 0.865234\" stroke=\"#876D36\" stroke-width=\"2\"><\/path><\/svg><\/span>\n\t\t\t\t\t\t\t\t\t\t\t\t\t\t\t\t\t\t\t\t\t\t<span class=\"elementor-accordion-icon-opened\"><svg xmlns=\"http:\/\/www.w3.org\/2000\/svg\" width=\"22\" height=\"9\" viewbox=\"0 0 22 9\" fill=\"none\"><path d=\"M0.5 0.865234L11 6.92773L21.5006 0.865234\" stroke=\"#FBFAF5\" stroke-width=\"2\"><\/path><\/svg><\/span>\n\t\t\t\t\t\t\t\t\t\t\t\t\t\t\t\t\t\t\t\t\t<\/span>\n\t\t\t\t\t\t\t\t\t\t\t\t\t\t\t\t\t\t\t\t<a href=\"#\">\u00bfEs Endureed resistente al viento?<\/a>\n\t\t\t\t\t\t\t\t\t\t\t\t\t\t\t\t\t\t<\/div>\n\t\t\t\t\t\t\t\t\t\t\t\t\t\t\t\t\t<div id=\"elementor-accordion-content-1179251653\" class=\"elementor-tab-content elementor-clearfix\" data-tab=\"3\" role=\"tabpanel\" aria-labelledby=\"elementor-accordion-title-1179251653\">\n\t\t\t\t\t\t\t\t\t\t<div class=\"panel-tab-content\"><p>Los techos de paja Endureed est\u00e1n aprobados en Florida y resisten vientos de hasta 322 km\/h. Han sobrevivido a huracanes de categor\u00eda 5 e incluso tornados.<\/p><p>\u00a0<\/p><\/div>\n\t\t\t\t\t\t\t\t\t<\/div>\n\t\t\t\t\t\t\t\t\t\t\t\t\t\t\t\t<\/div>\n\t\t\t\t\t\t\t\t\t\t\t\t\t\t<div class=\"elementor-accordion-item\">\n\t\t\t\t\t\t\t\t<div id=\"elementor-accordion-title-1179251654\" class=\"elementor-tab-title\" data-tab=\"4\" role=\"tab\" aria-controls=\"elementor-accordion-content-1179251654\" aria-expanded=\"false\">\t\t\t\t\t\t\t\t\t\t\t\t\t\t\t\t\t\t\t<span class=\"elementor-accordion-icon elementor-accordion-icon-right\" aria-hidden=\"true\">\t\t\t\t\t\t\t\t\t\t\t<span class=\"elementor-accordion-icon-closed\"><svg xmlns=\"http:\/\/www.w3.org\/2000\/svg\" width=\"22\" height=\"9\" viewbox=\"0 0 22 9\" fill=\"none\"><path d=\"M0.5 0.865234L11 6.92773L21.5006 0.865234\" stroke=\"#876D36\" stroke-width=\"2\"><\/path><\/svg><\/span>\n\t\t\t\t\t\t\t\t\t\t\t\t\t\t\t\t\t\t\t\t\t\t<span class=\"elementor-accordion-icon-opened\"><svg xmlns=\"http:\/\/www.w3.org\/2000\/svg\" width=\"22\" height=\"9\" viewbox=\"0 0 22 9\" fill=\"none\"><path d=\"M0.5 0.865234L11 6.92773L21.5006 0.865234\" stroke=\"#FBFAF5\" stroke-width=\"2\"><\/path><\/svg><\/span>\n\t\t\t\t\t\t\t\t\t\t\t\t\t\t\t\t\t\t\t\t\t<\/span>\n\t\t\t\t\t\t\t\t\t\t\t\t\t\t\t\t\t\t\t\t<a href=\"#\">\u00bfLos productos Endureed necesitan alg\u00fan tipo de pesticida da\u00f1ino en aerosol?<\/a>\n\t\t\t\t\t\t\t\t\t\t\t\t\t\t\t\t\t\t<\/div>\n\t\t\t\t\t\t\t\t\t\t\t\t\t\t\t\t\t<div id=\"elementor-accordion-content-1179251654\" class=\"elementor-tab-content elementor-clearfix\" data-tab=\"4\" role=\"tabpanel\" aria-labelledby=\"elementor-accordion-title-1179251654\">\n\t\t\t\t\t\t\t\t\t\t<div class=\"panel-tab-content\"><p>No. A diferencia de la paja natural, los productos Endureed son resistentes a las infestaciones de aves, murci\u00e9lagos, serpientes e insectos.<\/p><\/div>\n\t\t\t\t\t\t\t\t\t<\/div>\n\t\t\t\t\t\t\t\t\t\t\t\t\t\t\t\t<\/div>\n\t\t\t\t\t\t\t\t\t\t\t\t\t\t<div class=\"elementor-accordion-item\">\n\t\t\t\t\t\t\t\t<div id=\"elementor-accordion-title-1179251655\" class=\"elementor-tab-title\" data-tab=\"5\" role=\"tab\" aria-controls=\"elementor-accordion-content-1179251655\" aria-expanded=\"false\">\t\t\t\t\t\t\t\t\t\t\t\t\t\t\t\t\t\t\t<span class=\"elementor-accordion-icon elementor-accordion-icon-right\" aria-hidden=\"true\">\t\t\t\t\t\t\t\t\t\t\t<span class=\"elementor-accordion-icon-closed\"><svg xmlns=\"http:\/\/www.w3.org\/2000\/svg\" width=\"22\" height=\"9\" viewbox=\"0 0 22 9\" fill=\"none\"><path d=\"M0.5 0.865234L11 6.92773L21.5006 0.865234\" stroke=\"#876D36\" stroke-width=\"2\"><\/path><\/svg><\/span>\n\t\t\t\t\t\t\t\t\t\t\t\t\t\t\t\t\t\t\t\t\t\t<span class=\"elementor-accordion-icon-opened\"><svg xmlns=\"http:\/\/www.w3.org\/2000\/svg\" width=\"22\" height=\"9\" viewbox=\"0 0 22 9\" fill=\"none\"><path d=\"M0.5 0.865234L11 6.92773L21.5006 0.865234\" stroke=\"#FBFAF5\" stroke-width=\"2\"><\/path><\/svg><\/span>\n\t\t\t\t\t\t\t\t\t\t\t\t\t\t\t\t\t\t\t\t\t<\/span>\n\t\t\t\t\t\t\t\t\t\t\t\t\t\t\t\t\t\t\t\t<a href=\"#\">\u00bfSon inflamables los productos Endureed?<\/a>\n\t\t\t\t\t\t\t\t\t\t\t\t\t\t\t\t\t\t<\/div>\n\t\t\t\t\t\t\t\t\t\t\t\t\t\t\t\t\t<div id=\"elementor-accordion-content-1179251655\" class=\"elementor-tab-content elementor-clearfix\" data-tab=\"5\" role=\"tabpanel\" aria-labelledby=\"elementor-accordion-title-1179251655\">\n\t\t\t\t\t\t\t\t\t\t<div class=\"panel-tab-content\"><p>Endureed no es inflamable y cuenta con una clasificaci\u00f3n de resistencia al fuego de clase A y una clasificaci\u00f3n brit\u00e1nica de clase AA. Vea nuestra <a href=\"https:\/\/www.youtube.com\/watch?v=6p3hKadNIrU\" target=\"_blank\" rel=\"noopener\">V\u00eddeo de prueba de fuego<\/a>\u00a0Para verlo por ti mismo.<\/p><\/div>\n\t\t\t\t\t\t\t\t\t<\/div>\n\t\t\t\t\t\t\t\t\t\t\t\t\t\t\t\t<\/div>\n\t\t\t\t\t\t\t\t\t\t\t\t\t\t<div class=\"elementor-accordion-item\">\n\t\t\t\t\t\t\t\t<div id=\"elementor-accordion-title-1179251656\" class=\"elementor-tab-title\" data-tab=\"6\" role=\"tab\" aria-controls=\"elementor-accordion-content-1179251656\" aria-expanded=\"false\">\t\t\t\t\t\t\t\t\t\t\t\t\t\t\t\t\t\t\t<span class=\"elementor-accordion-icon elementor-accordion-icon-right\" aria-hidden=\"true\">\t\t\t\t\t\t\t\t\t\t\t<span class=\"elementor-accordion-icon-closed\"><svg xmlns=\"http:\/\/www.w3.org\/2000\/svg\" width=\"22\" height=\"9\" viewbox=\"0 0 22 9\" fill=\"none\"><path d=\"M0.5 0.865234L11 6.92773L21.5006 0.865234\" stroke=\"#876D36\" stroke-width=\"2\"><\/path><\/svg><\/span>\n\t\t\t\t\t\t\t\t\t\t\t\t\t\t\t\t\t\t\t\t\t\t<span class=\"elementor-accordion-icon-opened\"><svg xmlns=\"http:\/\/www.w3.org\/2000\/svg\" width=\"22\" height=\"9\" viewbox=\"0 0 22 9\" fill=\"none\"><path d=\"M0.5 0.865234L11 6.92773L21.5006 0.865234\" stroke=\"#FBFAF5\" stroke-width=\"2\"><\/path><\/svg><\/span>\n\t\t\t\t\t\t\t\t\t\t\t\t\t\t\t\t\t\t\t\t\t<\/span>\n\t\t\t\t\t\t\t\t\t\t\t\t\t\t\t\t\t\t\t\t<a href=\"#\">\u00bfCu\u00e1l es la vida \u00fatil de un techo reforzado?<\/a>\n\t\t\t\t\t\t\t\t\t\t\t\t\t\t\t\t\t\t<\/div>\n\t\t\t\t\t\t\t\t\t\t\t\t\t\t\t\t\t<div id=\"elementor-accordion-content-1179251656\" class=\"elementor-tab-content elementor-clearfix\" data-tab=\"6\" role=\"tabpanel\" aria-labelledby=\"elementor-accordion-title-1179251656\">\n\t\t\t\t\t\t\t\t\t\t<div class=\"panel-tab-content\"><p>Endureed le brindar\u00e1 d\u00e9cadas de techos sin mantenimiento con una garant\u00eda de hasta 30 a\u00f1os. Su f\u00f3rmula patentada protege su techo contra la putrefacci\u00f3n, el deterioro, la decoloraci\u00f3n y las inclemencias del tiempo.<\/p><\/div>\n\t\t\t\t\t\t\t\t\t<\/div>\n\t\t\t\t\t\t\t\t\t\t\t\t\t\t\t\t<\/div>\n\t\t\t\t\t\t\t\t\t\t\t\t\t\t<div class=\"elementor-accordion-item\">\n\t\t\t\t\t\t\t\t<div id=\"elementor-accordion-title-1179251657\" class=\"elementor-tab-title\" data-tab=\"7\" role=\"tab\" aria-controls=\"elementor-accordion-content-1179251657\" aria-expanded=\"false\">\t\t\t\t\t\t\t\t\t\t\t\t\t\t\t\t\t\t\t<span class=\"elementor-accordion-icon elementor-accordion-icon-right\" aria-hidden=\"true\">\t\t\t\t\t\t\t\t\t\t\t<span class=\"elementor-accordion-icon-closed\"><svg xmlns=\"http:\/\/www.w3.org\/2000\/svg\" width=\"22\" height=\"9\" viewbox=\"0 0 22 9\" fill=\"none\"><path d=\"M0.5 0.865234L11 6.92773L21.5006 0.865234\" stroke=\"#876D36\" stroke-width=\"2\"><\/path><\/svg><\/span>\n\t\t\t\t\t\t\t\t\t\t\t\t\t\t\t\t\t\t\t\t\t\t<span class=\"elementor-accordion-icon-opened\"><svg xmlns=\"http:\/\/www.w3.org\/2000\/svg\" width=\"22\" height=\"9\" viewbox=\"0 0 22 9\" fill=\"none\"><path d=\"M0.5 0.865234L11 6.92773L21.5006 0.865234\" stroke=\"#FBFAF5\" stroke-width=\"2\"><\/path><\/svg><\/span>\n\t\t\t\t\t\t\t\t\t\t\t\t\t\t\t\t\t\t\t\t\t<\/span>\n\t\t\t\t\t\t\t\t\t\t\t\t\t\t\t\t\t\t\t\t<a href=\"#\">\u00bfEs Endureed para uso comercial o residencial?<\/a>\n\t\t\t\t\t\t\t\t\t\t\t\t\t\t\t\t\t\t<\/div>\n\t\t\t\t\t\t\t\t\t\t\t\t\t\t\t\t\t<div id=\"elementor-accordion-content-1179251657\" class=\"elementor-tab-content elementor-clearfix\" data-tab=\"7\" role=\"tabpanel\" aria-labelledby=\"elementor-accordion-title-1179251657\">\n\t\t\t\t\t\t\t\t\t\t<div class=\"panel-tab-content\"><p>Los productos Endureed se pueden utilizar en proyectos de todo tipo y tama\u00f1o. Se han utilizado en todo tipo de proyectos, desde resorts de lujo hasta viviendas residenciales y todo tipo de proyectos intermedios.<\/p><\/div>\n\t\t\t\t\t\t\t\t\t<\/div>\n\t\t\t\t\t\t\t\t\t\t\t\t\t\t\t\t<\/div>\n\t\t\t\t\t\t\t\t\t\t\t\t\t\t<div class=\"elementor-accordion-item\">\n\t\t\t\t\t\t\t\t<div id=\"elementor-accordion-title-1179251658\" class=\"elementor-tab-title\" data-tab=\"8\" role=\"tab\" aria-controls=\"elementor-accordion-content-1179251658\" aria-expanded=\"false\">\t\t\t\t\t\t\t\t\t\t\t\t\t\t\t\t\t\t\t<span class=\"elementor-accordion-icon elementor-accordion-icon-right\" aria-hidden=\"true\">\t\t\t\t\t\t\t\t\t\t\t<span class=\"elementor-accordion-icon-closed\"><svg xmlns=\"http:\/\/www.w3.org\/2000\/svg\" width=\"22\" height=\"9\" viewbox=\"0 0 22 9\" fill=\"none\"><path d=\"M0.5 0.865234L11 6.92773L21.5006 0.865234\" stroke=\"#876D36\" stroke-width=\"2\"><\/path><\/svg><\/span>\n\t\t\t\t\t\t\t\t\t\t\t\t\t\t\t\t\t\t\t\t\t\t<span class=\"elementor-accordion-icon-opened\"><svg xmlns=\"http:\/\/www.w3.org\/2000\/svg\" width=\"22\" height=\"9\" viewbox=\"0 0 22 9\" fill=\"none\"><path d=\"M0.5 0.865234L11 6.92773L21.5006 0.865234\" stroke=\"#FBFAF5\" stroke-width=\"2\"><\/path><\/svg><\/span>\n\t\t\t\t\t\t\t\t\t\t\t\t\t\t\t\t\t\t\t\t\t<\/span>\n\t\t\t\t\t\t\t\t\t\t\t\t\t\t\t\t\t\t\t\t<a href=\"#\">\u00bfCu\u00e1nto cuesta un techo de paja Endureed?<\/a>\n\t\t\t\t\t\t\t\t\t\t\t\t\t\t\t\t\t\t<\/div>\n\t\t\t\t\t\t\t\t\t\t\t\t\t\t\t\t\t<div id=\"elementor-accordion-content-1179251658\" class=\"elementor-tab-content elementor-clearfix\" data-tab=\"8\" role=\"tabpanel\" aria-labelledby=\"elementor-accordion-title-1179251658\">\n\t\t\t\t\t\t\t\t\t\t<div class=\"panel-tab-content\"><p>El costo de un techo de paja Endureed var\u00eda seg\u00fan el tama\u00f1o de su proyecto, la ubicaci\u00f3n y otros factores. Contacte hoy mismo con un experto en paja para obtener un presupuesto personalizado para su proyecto.<\/p><\/div>\n\t\t\t\t\t\t\t\t\t<\/div>\n\t\t\t\t\t\t\t\t\t\t\t\t\t\t\t\t<\/div>\n\t\t\t\t\t\t\t\t\t\t\t\t\t\t<div class=\"elementor-accordion-item\">\n\t\t\t\t\t\t\t\t<div id=\"elementor-accordion-title-1179251659\" class=\"elementor-tab-title\" data-tab=\"9\" role=\"tab\" aria-controls=\"elementor-accordion-content-1179251659\" aria-expanded=\"false\">\t\t\t\t\t\t\t\t\t\t\t\t\t\t\t\t\t\t\t<span class=\"elementor-accordion-icon elementor-accordion-icon-right\" aria-hidden=\"true\">\t\t\t\t\t\t\t\t\t\t\t<span class=\"elementor-accordion-icon-closed\"><svg xmlns=\"http:\/\/www.w3.org\/2000\/svg\" width=\"22\" height=\"9\" viewbox=\"0 0 22 9\" fill=\"none\"><path d=\"M0.5 0.865234L11 6.92773L21.5006 0.865234\" stroke=\"#876D36\" stroke-width=\"2\"><\/path><\/svg><\/span>\n\t\t\t\t\t\t\t\t\t\t\t\t\t\t\t\t\t\t\t\t\t\t<span class=\"elementor-accordion-icon-opened\"><svg xmlns=\"http:\/\/www.w3.org\/2000\/svg\" width=\"22\" height=\"9\" viewbox=\"0 0 22 9\" fill=\"none\"><path d=\"M0.5 0.865234L11 6.92773L21.5006 0.865234\" stroke=\"#FBFAF5\" stroke-width=\"2\"><\/path><\/svg><\/span>\n\t\t\t\t\t\t\t\t\t\t\t\t\t\t\t\t\t\t\t\t\t<\/span>\n\t\t\t\t\t\t\t\t\t\t\t\t\t\t\t\t\t\t\t\t<a href=\"#\">\u00bfPor qu\u00e9 Endureed es mejor que la paja natural?<\/a>\n\t\t\t\t\t\t\t\t\t\t\t\t\t\t\t\t\t\t<\/div>\n\t\t\t\t\t\t\t\t\t\t\t\t\t\t\t\t\t<div id=\"elementor-accordion-content-1179251659\" class=\"elementor-tab-content elementor-clearfix\" data-tab=\"9\" role=\"tabpanel\" aria-labelledby=\"elementor-accordion-title-1179251659\">\n\t\t\t\t\t\t\t\t\t\t<div class=\"panel-tab-content\"><p>Aunque un techo de paja natural puede ser m\u00e1s econ\u00f3mico al principio, un techo Endureed es una inversi\u00f3n de calidad a largo plazo. Endureed ofrece la belleza de la paja natural sin los problemas naturales ni los costos anuales adicionales que conlleva, para que ahorre tiempo y dinero con un techo sin mantenimiento ni preocupaciones.<\/p><\/div>\n\t\t\t\t\t\t\t\t\t<\/div>\n\t\t\t\t\t\t\t\t\t\t\t\t\t\t\t\t<\/div>\n\t\t\t\t\t\t\t\t\t\t<\/div>\n\t\t\t\t\t\t\t<\/div>\n\t\t\t\t<\/div>\n\t\t\t\t<\/div>\n\t\t\t\t\t<\/div>\n\t\t\t\t<\/div>\n\t\t\t\t<\/div>","protected":false},"excerpt":{"rendered":"<p>FAQs Frequently Asked Questions If you\u2019re exploring synthetic thatch roofing, questions are part of the process. This page addresses common topics around performance, safety, installation, and long-term use, while helping clarify how engineered thatch systems work. If you don\u2019t see your question answered here, we\u2019re only a phone call or email away. Visit our contact [&hellip;]<\/p>","protected":false},"author":2,"featured_media":0,"parent":76108,"menu_order":0,"comment_status":"closed","ping_status":"closed","template":"","meta":{"_acf_changed":false,"_metasync_otto_title":"","_metasync_otto_description":"","_metasync_otto_keywords":"","_metasync_otto_og_title":"","_metasync_otto_og_description":"","_metasync_otto_twitter_title":"","_metasync_otto_twitter_description":"","rank_math_title":"FAQs | Synthetic Thatch Roofing","rank_math_description":"Answers to common questions about synthetic thatch roofing, including performance, safety, installation, and long-term use.","_yoast_wpseo_title":"","_yoast_wpseo_metadesc":"","_aioseo_title":"","_aioseo_description":"","footnotes":""},"class_list":["post-77166","page","type-page","status-publish","hentry"],"acf":[],"_links":{"self":[{"href":"https:\/\/endureed.com\/es\/wp-json\/wp\/v2\/pages\/77166","targetHints":{"allow":["GET"]}}],"collection":[{"href":"https:\/\/endureed.com\/es\/wp-json\/wp\/v2\/pages"}],"about":[{"href":"https:\/\/endureed.com\/es\/wp-json\/wp\/v2\/types\/page"}],"author":[{"embeddable":true,"href":"https:\/\/endureed.com\/es\/wp-json\/wp\/v2\/users\/2"}],"replies":[{"embeddable":true,"href":"https:\/\/endureed.com\/es\/wp-json\/wp\/v2\/comments?post=77166"}],"version-history":[{"count":0,"href":"https:\/\/endureed.com\/es\/wp-json\/wp\/v2\/pages\/77166\/revisions"}],"up":[{"embeddable":true,"href":"https:\/\/endureed.com\/es\/wp-json\/wp\/v2\/pages\/76108"}],"wp:attachment":[{"href":"https:\/\/endureed.com\/es\/wp-json\/wp\/v2\/media?parent=77166"}],"curies":[{"name":"wp","href":"https:\/\/api.w.org\/{rel}","templated":true}]}}