{"id":223909,"date":"2026-02-04T05:57:53","date_gmt":"2026-02-04T05:57:53","guid":{"rendered":"https:\/\/endureedstag.wpenginepowered.com\/?page_id=223909"},"modified":"2026-04-08T18:37:55","modified_gmt":"2026-04-08T18:37:55","slug":"strategic-partner","status":"publish","type":"page","link":"https:\/\/endureed.com\/es\/strategic-partner\/","title":{"rendered":"Socio estrat\u00e9gico"},"content":{"rendered":"<div data-elementor-type=\"wp-page\" data-elementor-id=\"223909\" class=\"elementor elementor-223909\" data-elementor-post-type=\"page\">\n\t\t\t\t<div class=\"elementor-element elementor-element-00c2a03 cs-page-title e-flex e-con-boxed e-con e-parent\" data-id=\"00c2a03\" data-element_type=\"container\" data-e-type=\"container\" data-settings=\"{&quot;background_background&quot;:&quot;classic&quot;}\">\n\t\t\t\t\t<div class=\"e-con-inner\">\n\t\t\t\t<div class=\"elementor-element elementor-element-1d19c6a elementor-widget elementor-widget-heading\" data-id=\"1d19c6a\" data-element_type=\"widget\" data-e-type=\"widget\" data-widget_type=\"heading.default\">\n\t\t\t\t<div class=\"elementor-widget-container\">\n\t\t\t\t\t<h2 class=\"elementor-heading-title elementor-size-default\">Socio estrat\u00e9gico<\/h2>\t\t\t\t<\/div>\n\t\t\t\t<\/div>\n\t\t\t\t\t<\/div>\n\t\t\t\t<\/div>\n\t\t<div class=\"elementor-element elementor-element-babc01c e-flex e-con-boxed e-con e-parent\" data-id=\"babc01c\" data-element_type=\"container\" data-e-type=\"container\">\n\t\t\t\t\t<div class=\"e-con-inner\">\n\t\t<div class=\"elementor-element elementor-element-7c1b354 e-con-full e-flex e-con e-child\" data-id=\"7c1b354\" data-element_type=\"container\" data-e-type=\"container\">\n\t\t<div class=\"elementor-element elementor-element-dbd791b e-con-full e-flex e-con e-child\" data-id=\"dbd791b\" data-element_type=\"container\" data-e-type=\"container\">\n\t\t<div class=\"elementor-element elementor-element-a6dfa35 e-con-full e-flex e-con e-child\" data-id=\"a6dfa35\" data-element_type=\"container\" data-e-type=\"container\">\n\t\t\t\t<div class=\"elementor-element elementor-element-e214dc3 elementor-widget elementor-widget-heading\" data-id=\"e214dc3\" data-element_type=\"widget\" data-e-type=\"widget\" data-widget_type=\"heading.default\">\n\t\t\t\t<div class=\"elementor-widget-container\">\n\t\t\t\t\t<h2 class=\"elementor-heading-title elementor-size-default\">Construir algo juntos<\/h2>\t\t\t\t<\/div>\n\t\t\t\t<\/div>\n\t\t\t\t<div class=\"elementor-element elementor-element-03f07a9 elementor-widget elementor-widget-text-editor\" data-id=\"03f07a9\" data-element_type=\"widget\" data-e-type=\"widget\" data-widget_type=\"text-editor.default\">\n\t\t\t\t<div class=\"elementor-widget-container\">\n\t\t\t\t\t\t\t\t\t<p>\u00a0<\/p><p>Construimos alianzas duraderas con arquitectos, dise\u00f1adores, constructores y profesionales del sector que valoran el rendimiento tanto como el dise\u00f1o. Nuestro equipo colabora estrechamente para apoyar la planificaci\u00f3n, el dise\u00f1o y la ejecuci\u00f3n, garantizando que cada proyecto cumpla con los objetivos est\u00e9ticos y las exigencias del mundo real.<\/p><p>Si est\u00e1 interesado en asociarse con Endureed, comparta algunos detalles y lo conectaremos con la persona adecuada para explorar los pr\u00f3ximos pasos.<\/p>\t\t\t\t\t\t\t\t<\/div>\n\t\t\t\t<\/div>\n\t\t\t\t<\/div>\n\t\t\t\t<div class=\"elementor-element elementor-element-a7c0e11 elementor-button-align-start elementor-widget elementor-widget-form\" data-id=\"a7c0e11\" data-element_type=\"widget\" data-e-type=\"widget\" data-settings=\"{&quot;step_next_label&quot;:&quot;Next&quot;,&quot;step_previous_label&quot;:&quot;Previous&quot;,&quot;button_width&quot;:&quot;100&quot;,&quot;step_type&quot;:&quot;number_text&quot;,&quot;step_icon_shape&quot;:&quot;circle&quot;}\" data-widget_type=\"form.default\">\n\t\t\t\t<div class=\"elementor-widget-container\">\n\t\t\t\t\t\t\t<form class=\"elementor-form\" method=\"post\" id=\"Warranty_Registration\" name=\"Warranty Form\" aria-label=\"Formulario de garant\u00eda\" action=\"\">\n\t\t\t<input type=\"hidden\" name=\"post_id\" value=\"223909\"\/>\n\t\t\t<input type=\"hidden\" name=\"form_id\" value=\"a7c0e11\"\/>\n\t\t\t<input type=\"hidden\" name=\"referer_title\" value=\"\" \/>\n\n\t\t\t\n\t\t\t<div class=\"elementor-form-fields-wrapper elementor-labels-\">\n\t\t\t\t\t\t\t\t<div class=\"elementor-field-type-text elementor-field-group elementor-column elementor-field-group-name elementor-col-100 elementor-field-required\">\n\t\t\t\t\t\t\t\t\t\t\t\t<label for=\"form-field-name\" class=\"elementor-field-label elementor-screen-only\">\n\t\t\t\t\t\t\t\tNombre de pila\t\t\t\t\t\t\t<\/label>\n\t\t\t\t\t\t\t\t\t\t\t\t\t\t<input size=\"1\" type=\"text\" name=\"form_fields[name]\" id=\"form-field-name\" class=\"elementor-field elementor-size-sm  elementor-field-textual\" placeholder=\"NOMBRE DE PILA\" required=\"required\">\n\t\t\t\t\t\t\t\t\t\t\t<\/div>\n\t\t\t\t\t\t\t\t<div class=\"elementor-field-type-text elementor-field-group elementor-column elementor-field-group-field_aed5b26 elementor-col-100 elementor-field-required\">\n\t\t\t\t\t\t\t\t\t\t\t\t<label for=\"form-field-field_aed5b26\" class=\"elementor-field-label elementor-screen-only\">\n\t\t\t\t\t\t\t\tApellido\t\t\t\t\t\t\t<\/label>\n\t\t\t\t\t\t\t\t\t\t\t\t\t\t<input size=\"1\" type=\"text\" name=\"form_fields[field_aed5b26]\" id=\"form-field-field_aed5b26\" class=\"elementor-field elementor-size-sm  elementor-field-textual\" placeholder=\"APELLIDO\" required=\"required\">\n\t\t\t\t\t\t\t\t\t\t\t<\/div>\n\t\t\t\t\t\t\t\t<div class=\"elementor-field-type-email elementor-field-group elementor-column elementor-field-group-email elementor-col-100 elementor-field-required\">\n\t\t\t\t\t\t\t\t\t\t\t\t<label for=\"form-field-email\" class=\"elementor-field-label elementor-screen-only\">\n\t\t\t\t\t\t\t\tCorreo electr\u00f3nico\t\t\t\t\t\t\t<\/label>\n\t\t\t\t\t\t\t\t\t\t\t\t\t\t<input size=\"1\" type=\"email\" name=\"form_fields[email]\" id=\"form-field-email\" class=\"elementor-field elementor-size-sm  elementor-field-textual\" placeholder=\"CORREO ELECTR\u00d3NICO\" required=\"required\">\n\t\t\t\t\t\t\t\t\t\t\t<\/div>\n\t\t\t\t\t\t\t\t<div class=\"elementor-field-type-tel elementor-field-group elementor-column elementor-field-group-field_014d91e elementor-col-100 elementor-field-required\">\n\t\t\t\t\t\t\t\t\t\t\t\t<label for=\"form-field-field_014d91e\" class=\"elementor-field-label elementor-screen-only\">\n\t\t\t\t\t\t\t\tTel\u00e9fono\t\t\t\t\t\t\t<\/label>\n\t\t\t\t\t\t\t\t<input size=\"1\" type=\"tel\" name=\"form_fields[field_014d91e]\" id=\"form-field-field_014d91e\" class=\"elementor-field elementor-size-sm  elementor-field-textual\" placeholder=\"TEL\u00c9FONO\" required=\"required\" pattern=\"[0-9()#&amp;+*-=.]+\" title=\"Solo se aceptan n\u00fameros y caracteres de tel\u00e9fono (#,-,*,etc).\">\n\n\t\t\t\t\t\t<\/div>\n\t\t\t\t\t\t\t\t<div class=\"elementor-field-type-textarea elementor-field-group elementor-column elementor-field-group-field_478cbba elementor-col-100 elementor-field-required\">\n\t\t\t\t\t<textarea class=\"elementor-field-textual elementor-field  elementor-size-sm\" name=\"form_fields[field_478cbba]\" id=\"form-field-field_478cbba\" rows=\"4\" placeholder=\"\u00bfEN QU\u00c9 PODEMOS AYUDARTE?\" required=\"required\"><\/textarea>\t\t\t\t<\/div>\n\t\t\t\t\t\t\t\t<div class=\"elementor-field-group elementor-column elementor-field-type-submit elementor-col-100 e-form__buttons\">\n\t\t\t\t\t<button class=\"elementor-button elementor-size-sm\" type=\"submit\">\n\t\t\t\t\t\t<span class=\"elementor-button-content-wrapper\">\n\t\t\t\t\t\t\t\t\t\t\t\t\t\t\t<span class=\"elementor-button-icon\">\n\t\t\t\t\t\t\t\t\t<i aria-hidden=\"true\" class=\"solid-icon-Right\"><\/i>\t\t\t\t\t\t\t\t\t\t\t\t\t\t\t\t\t<\/span>\n\t\t\t\t\t\t\t\t\t\t\t\t\t\t\t\t\t\t\t\t\t\t<span class=\"elementor-button-text\">Entregar<\/span>\n\t\t\t\t\t\t\t\t\t\t\t\t\t<\/span>\n\t\t\t\t\t<\/button>\n\t\t\t\t<\/div>\n\t\t\t<\/div>\n\t\t<input type=\"hidden\" name=\"trp-form-language\" value=\"es\"\/><\/form>\n\t\t\t\t\t\t<\/div>\n\t\t\t\t<\/div>\n\t\t\t\t<\/div>\n\t\t<div class=\"elementor-element elementor-element-bf118db e-con-full e-flex e-con e-child\" data-id=\"bf118db\" data-element_type=\"container\" data-e-type=\"container\">\n\t\t\t\t<div class=\"elementor-element elementor-element-a1617c9 elementor-widget elementor-widget-image\" data-id=\"a1617c9\" data-element_type=\"widget\" data-e-type=\"widget\" data-widget_type=\"image.default\">\n\t\t\t\t<div class=\"elementor-widget-container\">\n\t\t\t\t\t\t\t\t\t\t\t\t\t\t\t<img fetchpriority=\"high\" decoding=\"async\" width=\"768\" height=\"847\" src=\"https:\/\/endureed.com\/wp-content\/uploads\/2026\/01\/contact-image-768x847.webp\" class=\"attachment-medium_large size-medium_large wp-image-76426\" alt=\"contact-image\" srcset=\"https:\/\/endureed.com\/wp-content\/uploads\/2026\/01\/contact-image-768x847.webp 768w, https:\/\/endureed.com\/wp-content\/uploads\/2026\/01\/contact-image-272x300.webp 272w, https:\/\/endureed.com\/wp-content\/uploads\/2026\/01\/contact-image-300x331.webp 300w, https:\/\/endureed.com\/wp-content\/uploads\/2026\/01\/contact-image-600x662.webp 600w, https:\/\/endureed.com\/wp-content\/uploads\/2026\/01\/contact-image.webp 917w\" sizes=\"(max-width: 768px) 100vw, 768px\" \/>\t\t\t\t\t\t\t\t\t\t\t\t\t\t\t<\/div>\n\t\t\t\t<\/div>\n\t\t\t\t<\/div>\n\t\t\t\t<\/div>\n\t\t\t\t\t<\/div>\n\t\t\t\t<\/div>\n\t\t\t\t<\/div>","protected":false},"excerpt":{"rendered":"<p>Strategic Partner Build Something Together \u00a0 We build lasting partnerships with architects, designers, builders, and industry professionals who value performance as much as design. Our team collaborates closely to support planning, detailing, and execution, ensuring each project meets both aesthetic goals and real-world demands. If you&#8217;re interested in partnering with Endureed, share a few details [&hellip;]<\/p>","protected":false},"author":2,"featured_media":0,"parent":0,"menu_order":0,"comment_status":"closed","ping_status":"closed","template":"","meta":{"_acf_changed":false,"_metasync_otto_title":"","_metasync_otto_description":"","_metasync_otto_keywords":"","_metasync_otto_og_title":"","_metasync_otto_og_description":"","_metasync_otto_twitter_title":"","_metasync_otto_twitter_description":"","rank_math_title":"","rank_math_description":"","_yoast_wpseo_title":"","_yoast_wpseo_metadesc":"","_aioseo_title":"","_aioseo_description":"","footnotes":""},"class_list":["post-223909","page","type-page","status-publish","hentry"],"acf":[],"_links":{"self":[{"href":"https:\/\/endureed.com\/es\/wp-json\/wp\/v2\/pages\/223909","targetHints":{"allow":["GET"]}}],"collection":[{"href":"https:\/\/endureed.com\/es\/wp-json\/wp\/v2\/pages"}],"about":[{"href":"https:\/\/endureed.com\/es\/wp-json\/wp\/v2\/types\/page"}],"author":[{"embeddable":true,"href":"https:\/\/endureed.com\/es\/wp-json\/wp\/v2\/users\/2"}],"replies":[{"embeddable":true,"href":"https:\/\/endureed.com\/es\/wp-json\/wp\/v2\/comments?post=223909"}],"version-history":[{"count":0,"href":"https:\/\/endureed.com\/es\/wp-json\/wp\/v2\/pages\/223909\/revisions"}],"wp:attachment":[{"href":"https:\/\/endureed.com\/es\/wp-json\/wp\/v2\/media?parent=223909"}],"curies":[{"name":"wp","href":"https:\/\/api.w.org\/{rel}","templated":true}]}}